{"id":3028,"date":"2020-12-15T12:03:40","date_gmt":"2020-12-15T12:03:40","guid":{"rendered":"http:\/\/www.clinicarts.com\/ru\/?page_id=3028"},"modified":"2020-12-15T12:03:40","modified_gmt":"2020-12-15T12:03:40","slug":"sss","status":"publish","type":"page","link":"http:\/\/www.clinicarts.com\/ru\/tr\/sss\/","title":{"rendered":"SSS"},"content":{"rendered":"<p>[vc_row][vc_column][vc_toggle title=&#8221;\u0130deal burun nas\u0131l olur?&#8221;]\u0130deal bir burun, \u00f6ncelikle iyi nefes alan, ve y\u00fcz\u00fcn geri kalan\u0131 ile uyumlu olan burundur. Boyut ve bi\u00e7im a\u00e7\u0131s\u0131ndan y\u00fcze uygun olmayan bir burun sahte ve \u201cyap\u0131lm\u0131\u015f\u201d g\u00f6r\u00fcnecektir. Her bireyin \u201cideal burun\u201du farkl\u0131d\u0131r.<\/p>\n<div id=\"gtx-trans\" style=\"position: absolute; left: -101px; top: -16.5156px;\">\n<div class=\"gtx-trans-icon\"><\/div>\n<\/div>\n<p>[\/vc_toggle][vc_toggle title=&#8221;Burun esteti\u011fi ameliyat\u0131 nas\u0131l yap\u0131l\u0131r?&#8221;]Burun esteti\u011fi ameliyat\u0131 (rinoplasti) hastane ko\u015fullar\u0131nda, genel anestezi alt\u0131nda yap\u0131l\u0131r. Temel olarak burnun bi\u00e7imini veren kemik ve k\u0131k\u0131rdak dokular\u0131n\u0131n \u015feklini de\u011fi\u015ftirmekten ibaret bir cerrahi i\u015flemdir. Biraz daha detay vermek gerekirse, kemer al\u0131nmas\u0131, burun ucunun bi\u00e7imlendirilmesi, solunum yollar\u0131n\u0131n a\u00e7\u0131lmas\u0131, kemerin al\u0131nmas\u0131\/al\u00e7alt\u0131lmas\u0131, e\u011friliklerin d\u00fczeltilmesi gibi a\u015famalardan olu\u015fur. Her hastan\u0131n ihtiyac\u0131 farkl\u0131 oldu\u011fundan yap\u0131lacak i\u015fler de her hastaya g\u00f6re farkl\u0131l\u0131k g\u00f6sterir. Daha detayl\u0131 bilgi muayene s\u0131ras\u0131nda doktor taraf\u0131ndan anlat\u0131lacakt\u0131r.[\/vc_toggle][vc_toggle title=&#8221;Burun esteti\u011fi ameliyat\u0131 ne kadar s\u00fcrer?&#8221;]Genellikle 1-3 saat aras\u0131 s\u00fcrmektedir.<\/p>\n<div id=\"gtx-trans\" style=\"position: absolute; left: -70px; top: -16.5156px;\">\n<div class=\"gtx-trans-icon\"><\/div>\n<\/div>\n<p>[\/vc_toggle][vc_toggle title=&#8221;Burun esteti\u011fi ameliyat\u0131 i\u00e7in hastanede yatmak gerekir mi?&#8221;]\u00c7o\u011fu zaman bir gece hastane yat\u0131\u015f\u0131 gerekir. Baz\u0131 basit operasyonlardan sonra hastanede yatmadan ayn\u0131 g\u00fcn taburcu olmak m\u00fcmk\u00fcnd\u00fcr.[\/vc_toggle][vc_toggle title=&#8221;Burun esteti\u011fi sonras\u0131nda tampon ve al\u00e7\u0131 kullan\u0131l\u0131r m\u0131? Ne kadar s\u00fcre ile?&#8221;]Genelde estetik burun ameliyatlar\u0131 sonras\u0131nda burun i\u00e7erisine hava kanall\u0131 silikon tamponlar koyulur. \u00d6te yandan burnu darbeden korumak ve bi\u00e7imini sabit tutmak ama\u00e7l\u0131 termoplastik bir atel kullan\u0131l\u0131r. Silikon tamponlar ameliyat\u0131 takip eden 3. g\u00fcnde, termoplastik atel ise 7. g\u00fcnde al\u0131n\u0131r.[\/vc_toggle][vc_toggle title=&#8221;Burun esteti\u011fi sonras\u0131nda ne zaman i\u015fime veya normal g\u00fcnl\u00fck hayat\u0131ma d\u00f6nerim? \u015eehir d\u0131\u015f\u0131nday\u0131m, \u0130stanbul\u2019da ne kadar s\u00fcreyle kalmal\u0131y\u0131m?&#8221;]Burun ameliyat\u0131 olan bir hasta 3. g\u00fcn kontrol\u00fcnde burun i\u00e7i silikon tamponlar\u0131n\u0131 ald\u0131rd\u0131ktan sonra, burun \u00fczerindeki atel ile g\u00fcnl\u00fck hayat\u0131na d\u00f6nebilir. Elbette burnuna darbe almamak ko\u015fuluyla. E\u011fer atelle i\u015f\/sosyal hayata d\u00f6nmek problem olacaksa, atelin al\u0131naca\u011f\u0131 7. g\u00fcn\u00fc beklemek zorunday\u0131z. \u015eehir d\u0131\u015f\u0131ndan gelen hastalar\u0131n ameliyat\u0131 takiben 7 g\u00fcn \u0130stanbul\u2019da kalmalar\u0131 gerekir.[\/vc_toggle][vc_toggle title=&#8221;Burnum son halini ne zaman al\u0131r?&#8221;]Ameliyat sonras\u0131 erken d\u00f6nemde (ilk 30 g\u00fcn) burunda ve y\u00fczde \u015fi\u015flikler olacakt\u0131r. Bu \u015fi\u015flikler ilk ay\u0131n sonunda b\u00fcy\u00fck \u00f6l\u00e7\u00fcde ge\u00e7er, ancak son halini almas\u0131 1 y\u0131l\u0131 bulur.[\/vc_toggle][vc_toggle title=&#8221;Daha \u00f6nceden burun esteti\u011fi ameliyat\u0131 oldum ama sonucundan hi\u00e7 memnun de\u011filim. Ne yapmal\u0131y\u0131m?&#8221;]Burun revizyonlar\u0131, ameliyat olmam\u0131\u015f burunlara g\u00f6re daha dikkatle ele al\u0131nmas\u0131 gereken bir konudur. \u0130kinci bir operasyon, veya ba\u015fka y\u00f6ntemler (dolgu gibi) d\u00fc\u015f\u00fcn\u00fclebilir, ancak bu konu y\u00fcz y\u00fcze detayl\u0131 bir muayene yap\u0131lmadan netle\u015ftirilemez. \u0130lk operasyonun estetik ve fonksiyonel sonu\u00e7lar\u0131n\u0131n, mutsuzluk sebeplerinin detayl\u0131 bir \u015fekilde de\u011ferlendirilmesi yap\u0131lmadan karar vermek yanl\u0131\u015ft\u0131r.[\/vc_toggle][vc_toggle title=&#8221;Burnumu be\u011fenmiyorum, ama o klasik \u201cestetikli\u201d burunlardan da hi\u00e7 ho\u015flanm\u0131yorum, ne yapaca\u011f\u0131z?&#8221;]Modern burun esteti\u011finde do\u011fall\u0131k en \u00f6nemli kural haline geldi. O sevmedi\u011finiz \u201cestetikli\u201d burunlar\u0131 art\u0131k hi\u00e7 kimse sevmiyor. Modern tekniklerle do\u011fru \u015fekilde yap\u0131lm\u0131\u015f bir burun operasyonunu \u00e7ok b\u00fcy\u00fck ihtimalle fark etmiyorsunuz bile, bu nedenle ba\u015far\u0131l\u0131 de\u011fil ba\u015far\u0131s\u0131z sonu\u00e7lar dikkatinizi \u00e7ekiyor. \u0130yi bir plastik cerrah do\u011fal s\u0131n\u0131rlara sayg\u0131 g\u00f6stermek zorundad\u0131r, bu s\u0131n\u0131rlar\u0131 zorlad\u0131\u011f\u0131n\u0131z anda ameliyatlar \u201cbelli olmaya\u201d ba\u015flar.<\/p>\n<div id=\"gtx-trans\" style=\"position: absolute; left: 277px; top: 54.7344px;\">\n<div class=\"gtx-trans-icon\"><\/div>\n<\/div>\n<p>[\/vc_toggle][vc_toggle title=&#8221;G\u00f6z kapa\u011f\u0131 esteti\u011fi neden \u00f6nemlidir?&#8221;]<\/p>\n<div>\u0130nsanlar aras\u0131 sosyal ileti\u015fim g\u00f6z temas\u0131yla ba\u015flar.<\/div>\n<div><\/div>\n<div>Kar\u015f\u0131m\u0131zdaki ki\u015fi ile ilgili ilk izlenimlerimiz onun bak\u0131\u015flar\u0131 ile \u015fekillenir. Bu nedenle etkileyici bir bak\u0131\u015f, sosyal ileti\u015fimde anahtar bir rol oynar.<\/div>\n<p>[\/vc_toggle][vc_toggle title=&#8221;G\u00f6z kapa\u011f\u0131 esteti\u011fi neleri ama\u00e7lar, ne \u015fartlarda ve nas\u0131l yap\u0131l\u0131r?&#8221;]G\u00f6z kapa\u011f\u0131 operasyonlar\u0131 alt ve \u00fcst g\u00f6z kapaklar\u0131nda ya\u015fa ba\u011fl\u0131 veya do\u011fu\u015ftan olu\u015fan deformitelerin d\u00fczeltilmesi amac\u0131yla yap\u0131l\u0131r. En s\u0131k d\u00fczeltilen problemler g\u00f6z kapa\u011f\u0131 sarkmas\u0131, \u00fczg\u00fcn bak\u0131\u015f, g\u00f6z kapaklar\u0131n\u0131n fazla dolgun\/\u00e7\u00f6k\u00fck olmas\u0131, g\u00f6zya\u015f\u0131 olu\u011funun belirgin olmas\u0131, g\u00f6z alt\u0131 torbalar\u0131 ve g\u00f6z kapa\u011f\u0131 gev\u015fekli\u011fidir. Operasyonlar \u00e7o\u011funlukla lokal anestezi alt\u0131nda ger\u00e7ekle\u015ftirilirken, duruma g\u00f6re genel anestezi de tercih edilebilir. \u00c7o\u011funlukla hastane yat\u0131\u015f\u0131 gerekmez.[\/vc_toggle][vc_toggle title=&#8221;G\u00f6z kapa\u011f\u0131 esteti\u011fi operasyonlar\u0131 ne kadar s\u00fcrer?&#8221;]G\u00f6z kapa\u011f\u0131 esteti\u011fi operasyonlar\u0131, yap\u0131lacak i\u015fin detaylar\u0131na g\u00f6re yar\u0131m saat ile 2 saat aras\u0131nda de\u011fi\u015fen s\u00fcre zarf\u0131nda tamamlan\u0131r.[\/vc_toggle][vc_toggle title=&#8221;G\u00fcnl\u00fck hayat\u0131ma ve\/veya i\u015fime ne zaman d\u00f6nerim?&#8221;]G\u00fcndelik ya\u015fant\u0131n\u0131za 3-4 g\u00fcn i\u00e7inde d\u00f6nebilirsiniz, ancak morluk ve \u015fi\u015flikleriniz bir hafta s\u00fcrer.[\/vc_toggle][vc_toggle title=&#8221;\u015eehir d\u0131\u015f\u0131nda\/yurt d\u0131\u015f\u0131nda ya\u015f\u0131yorum. Bu i\u015flem i\u00e7in \u0130stanbul\u2019da ne kadar kalmam gerekir?&#8221;]7 g\u00fcn.[\/vc_toggle][vc_toggle title=&#8221;Y\u00fczde ya\u015fa ba\u011fl\u0131 de\u011fi\u015fiklikler nelerdir? Nas\u0131l olu\u015furlar?&#8221;]Y\u00fczde ya\u015fa ba\u011fl\u0131 de\u011fi\u015fiklikler zaten var olan baz\u0131 \u00e7izgilerin derinle\u015fmesi, \u00e7ene konturu, boyun derinli\u011fi gibi kavislerin bozulmas\u0131 \u015feklinde s\u0131ralanabilir. Bu de\u011fi\u015fiklikler y\u00fcz ifadesini olu\u015fturan kimi yap\u0131lar\u0131n a\u015fa\u011f\u0131 y\u00f6nl\u00fc yer de\u011fi\u015ftirmeleri \u015feklinde ortaya \u00e7\u0131kar. Y\u00fczdeki iskelet ve ba\u011f doku elemanlar\u0131n\u0131n deforme olmas\u0131 ve yer \u00e7ekiminin bu dokular \u00fczerindeki s\u00fcrekli etkisiyle olu\u015furlar.[\/vc_toggle][vc_toggle title=&#8221;Ya\u015flanan y\u00fcze estetik yakla\u015f\u0131mda nelere dikkat edilir?&#8221;]Y\u00fczde ya\u015flanmaya ba\u011fl\u0131 olu\u015fan deformiteler, her bir sorun ayr\u0131 ayr\u0131 ele al\u0131n\u0131p spesifik \u00e7\u00f6z\u00fcmler \u00fcreterek tedavi edilmektedir. Y\u00fcz deformiteleri genellikle \u00fcst, orta ve alt y\u00fcz olarak 3 ayr\u0131 seviyede incelenir, ancak \u00e7o\u011fu zaman bu b\u00f6lgelerin her \u00fc\u00e7\u00fc de ya\u015flanmadan nasibini al\u0131rlar. Dolay\u0131s\u0131yla y\u00fcz\u00fcn her seviyesi de\u011ferlendirilerek i\u015fe ba\u015flamak gerekir, b\u00fct\u00fcnsel yakla\u015farak t\u00fcm bu seviyelerde uyumlu bir de\u011fi\u015fikli\u011fe gidilmelidir. Bir y\u00fcz germe operasyonunun ba\u015far\u0131l\u0131 olbilmesi i\u00e7in en \u00f6nemli \u015fart ki\u015finin orijinal y\u00fcz yap\u0131s\u0131na sad\u0131k kalarak, onu bir ba\u015fkas\u0131na d\u00f6n\u00fc\u015ft\u00fcrmeden gen\u00e7le\u015ftirmektir. Daha dinlenmi\u015f, daha mutlu, daha canl\u0131 ve gen\u00e7, ama hala ayn\u0131 ki\u015fi!. T\u00fcm estetik operasyonlarda oldu\u011fu gibi burada da ba\u015far\u0131n\u0131n en b\u00fcy\u00fck d\u00fc\u015fman\u0131 abart\u0131l\u0131 de\u011fi\u015fikliklerdir.[\/vc_toggle][vc_toggle title=&#8221;Y\u00fcz\u00fcm son halini ne zaman al\u0131r?&#8221;]6 ay gibi bir s\u00fcre i\u00e7inde iyile\u015fme b\u00fcy\u00fck oranda tamamlanm\u0131\u015f olur.[\/vc_toggle][vc_toggle title=&#8221;Y\u00fcz germe operasyonu neyi ama\u00e7lar? Ne beklemek gerekir?&#8221;]<\/p>\n<div>Modern y\u00fcz germe teknikleri y\u00fcz\u00fc kaplayan deriyi germekten \u00e7ok, yer de\u011fi\u015ftirmi\u015f anatomik yap\u0131lar\u0131n orijinal pozisyonlar\u0131na ta\u015f\u0131nmas\u0131n\u0131 ama\u00e7lar. Deri alt\u0131nda SMAS ad\u0131 verilen bir katman bulunur. Bu katman ya\u011f yast\u0131k\u00e7\u0131klar\u0131, mimik kaslar\u0131, as\u0131c\u0131 ba\u011flar ve zars\u0131 yap\u0131lardan olu\u015fan bir destek yap\u0131s\u0131d\u0131r ve y\u00fczde as\u0131l sarkma bu tabakada meydana gelir. Bu sarkma d\u00fczeltilmeden bir face-lift ameliyat\u0131n\u0131n ba\u015far\u0131l\u0131 olmas\u0131 m\u00fcmk\u00fcn de\u011fildir.\u00a0 Bunun d\u0131\u015f\u0131nda y\u00fczde hacim da\u011f\u0131l\u0131m\u0131n\u0131 da restore etmek gerekir. Bu ama\u00e7la operasyon s\u0131ras\u0131nda ya\u011f enjeksiyonu\/al\u0131nmas\u0131 veya baz\u0131 implantlar kullan\u0131labilir.<\/div>\n<div><\/div>\n<p>[\/vc_toggle][\/vc_column][\/vc_row]<\/p>\n","protected":false},"excerpt":{"rendered":"<p>[vc_row][vc_column][vc_toggle title=&#8221;\u0130deal burun nas\u0131l olur?&#8221;]\u0130deal bir burun, \u00f6ncelikle iyi nefes alan, ve y\u00fcz\u00fcn geri kalan\u0131 ile uyumlu olan burundur. Boyut ve bi\u00e7im a\u00e7\u0131s\u0131ndan y\u00fcze uygun olmayan bir burun sahte ve \u201cyap\u0131lm\u0131\u015f\u201d g\u00f6r\u00fcnecektir. Her bireyin \u201cideal burun\u201du farkl\u0131d\u0131r. [\/vc_toggle][vc_toggle title=&#8221;Burun esteti\u011fi ameliyat\u0131 nas\u0131l yap\u0131l\u0131r?&#8221;]Burun esteti\u011fi ameliyat\u0131 (rinoplasti) hastane ko\u015fullar\u0131nda, genel anestezi alt\u0131nda yap\u0131l\u0131r. Temel olarak burnun<\/p>\n","protected":false},"author":1,"featured_media":0,"parent":0,"menu_order":0,"comment_status":"closed","ping_status":"closed","template":"","meta":[],"yoast_head":"<!-- This site is optimized with the Yoast SEO plugin v18.1 - https:\/\/yoast.com\/wordpress\/plugins\/seo\/ -->\n<title>SSS | Clinicarts<\/title>\n<meta name=\"robots\" content=\"index, follow, max-snippet:-1, max-image-preview:large, max-video-preview:-1\" \/>\n<link rel=\"canonical\" href=\"http:\/\/www.clinicarts.com\/ru\/tr\/sss\/\" \/>\n<meta property=\"og:locale\" content=\"tr_TR\" \/>\n<meta property=\"og:type\" content=\"article\" \/>\n<meta property=\"og:title\" content=\"SSS | Clinicarts\" \/>\n<meta property=\"og:description\" content=\"[vc_row][vc_column][vc_toggle title=&#8221;\u0130deal burun nas\u0131l olur?&#8221;]\u0130deal bir burun, \u00f6ncelikle iyi nefes alan, ve y\u00fcz\u00fcn geri kalan\u0131 ile uyumlu olan burundur. Boyut ve bi\u00e7im a\u00e7\u0131s\u0131ndan y\u00fcze uygun olmayan bir burun sahte ve \u201cyap\u0131lm\u0131\u015f\u201d g\u00f6r\u00fcnecektir. Her bireyin \u201cideal burun\u201du farkl\u0131d\u0131r. [\/vc_toggle][vc_toggle title=&#8221;Burun esteti\u011fi ameliyat\u0131 nas\u0131l yap\u0131l\u0131r?&#8221;]Burun esteti\u011fi ameliyat\u0131 (rinoplasti) hastane ko\u015fullar\u0131nda, genel anestezi alt\u0131nda yap\u0131l\u0131r. Temel olarak burnun\" \/>\n<meta property=\"og:url\" content=\"http:\/\/www.clinicarts.com\/ru\/tr\/sss\/\" \/>\n<meta property=\"og:site_name\" content=\"Clinic Arts\" \/>\n<meta name=\"twitter:card\" content=\"summary_large_image\" \/>\n<meta name=\"twitter:label1\" content=\"Tahmini okuma s\u00fcresi\" \/>\n\t<meta name=\"twitter:data1\" content=\"7 dakika\" \/>\n<script type=\"application\/ld+json\" class=\"yoast-schema-graph\">{\"@context\":\"https:\/\/schema.org\",\"@graph\":[{\"@type\":\"WebSite\",\"@id\":\"http:\/\/www.clinicarts.com\/ru\/en\/#website\",\"url\":\"http:\/\/www.clinicarts.com\/ru\/en\/\",\"name\":\"Clinic Arts\",\"description\":\"\",\"potentialAction\":[{\"@type\":\"SearchAction\",\"target\":{\"@type\":\"EntryPoint\",\"urlTemplate\":\"http:\/\/www.clinicarts.com\/ru\/en\/?s={search_term_string}\"},\"query-input\":\"required name=search_term_string\"}],\"inLanguage\":\"tr\"},{\"@type\":\"WebPage\",\"@id\":\"http:\/\/www.clinicarts.com\/ru\/tr\/sss\/#webpage\",\"url\":\"http:\/\/www.clinicarts.com\/ru\/tr\/sss\/\",\"name\":\"SSS | Clinicarts\",\"isPartOf\":{\"@id\":\"http:\/\/www.clinicarts.com\/ru\/en\/#website\"},\"datePublished\":\"2020-12-15T12:03:40+00:00\",\"dateModified\":\"2020-12-15T12:03:40+00:00\",\"breadcrumb\":{\"@id\":\"http:\/\/www.clinicarts.com\/ru\/tr\/sss\/#breadcrumb\"},\"inLanguage\":\"tr\",\"potentialAction\":[{\"@type\":\"ReadAction\",\"target\":[\"http:\/\/www.clinicarts.com\/ru\/tr\/sss\/\"]}]},{\"@type\":\"BreadcrumbList\",\"@id\":\"http:\/\/www.clinicarts.com\/ru\/tr\/sss\/#breadcrumb\",\"itemListElement\":[{\"@type\":\"ListItem\",\"position\":1,\"name\":\"Home\",\"item\":\"http:\/\/www.clinicarts.com\/ru\/tr\/\"},{\"@type\":\"ListItem\",\"position\":2,\"name\":\"SSS\"}]}]}<\/script>\n<!-- \/ Yoast SEO plugin. -->","yoast_head_json":{"title":"SSS | Clinicarts","robots":{"index":"index","follow":"follow","max-snippet":"max-snippet:-1","max-image-preview":"max-image-preview:large","max-video-preview":"max-video-preview:-1"},"canonical":"http:\/\/www.clinicarts.com\/ru\/tr\/sss\/","og_locale":"tr_TR","og_type":"article","og_title":"SSS | Clinicarts","og_description":"[vc_row][vc_column][vc_toggle title=&#8221;\u0130deal burun nas\u0131l olur?&#8221;]\u0130deal bir burun, \u00f6ncelikle iyi nefes alan, ve y\u00fcz\u00fcn geri kalan\u0131 ile uyumlu olan burundur. Boyut ve bi\u00e7im a\u00e7\u0131s\u0131ndan y\u00fcze uygun olmayan bir burun sahte ve \u201cyap\u0131lm\u0131\u015f\u201d g\u00f6r\u00fcnecektir. Her bireyin \u201cideal burun\u201du farkl\u0131d\u0131r. [\/vc_toggle][vc_toggle title=&#8221;Burun esteti\u011fi ameliyat\u0131 nas\u0131l yap\u0131l\u0131r?&#8221;]Burun esteti\u011fi ameliyat\u0131 (rinoplasti) hastane ko\u015fullar\u0131nda, genel anestezi alt\u0131nda yap\u0131l\u0131r. Temel olarak burnun","og_url":"http:\/\/www.clinicarts.com\/ru\/tr\/sss\/","og_site_name":"Clinic Arts","twitter_card":"summary_large_image","twitter_misc":{"Tahmini okuma s\u00fcresi":"7 dakika"},"schema":{"@context":"https:\/\/schema.org","@graph":[{"@type":"WebSite","@id":"http:\/\/www.clinicarts.com\/ru\/en\/#website","url":"http:\/\/www.clinicarts.com\/ru\/en\/","name":"Clinic Arts","description":"","potentialAction":[{"@type":"SearchAction","target":{"@type":"EntryPoint","urlTemplate":"http:\/\/www.clinicarts.com\/ru\/en\/?s={search_term_string}"},"query-input":"required name=search_term_string"}],"inLanguage":"tr"},{"@type":"WebPage","@id":"http:\/\/www.clinicarts.com\/ru\/tr\/sss\/#webpage","url":"http:\/\/www.clinicarts.com\/ru\/tr\/sss\/","name":"SSS | Clinicarts","isPartOf":{"@id":"http:\/\/www.clinicarts.com\/ru\/en\/#website"},"datePublished":"2020-12-15T12:03:40+00:00","dateModified":"2020-12-15T12:03:40+00:00","breadcrumb":{"@id":"http:\/\/www.clinicarts.com\/ru\/tr\/sss\/#breadcrumb"},"inLanguage":"tr","potentialAction":[{"@type":"ReadAction","target":["http:\/\/www.clinicarts.com\/ru\/tr\/sss\/"]}]},{"@type":"BreadcrumbList","@id":"http:\/\/www.clinicarts.com\/ru\/tr\/sss\/#breadcrumb","itemListElement":[{"@type":"ListItem","position":1,"name":"Home","item":"http:\/\/www.clinicarts.com\/ru\/tr\/"},{"@type":"ListItem","position":2,"name":"SSS"}]}]}},"_links":{"self":[{"href":"http:\/\/www.clinicarts.com\/ru\/tr\/wp-json\/wp\/v2\/pages\/3028\/"}],"collection":[{"href":"http:\/\/www.clinicarts.com\/ru\/tr\/wp-json\/wp\/v2\/pages\/"}],"about":[{"href":"http:\/\/www.clinicarts.com\/ru\/tr\/wp-json\/wp\/v2\/types\/page\/"}],"author":[{"embeddable":true,"href":"http:\/\/www.clinicarts.com\/ru\/tr\/wp-json\/wp\/v2\/users\/1\/"}],"replies":[{"embeddable":true,"href":"http:\/\/www.clinicarts.com\/ru\/tr\/wp-json\/wp\/v2\/comments\/?post=3028"}],"version-history":[{"count":1,"href":"http:\/\/www.clinicarts.com\/ru\/tr\/wp-json\/wp\/v2\/pages\/3028\/revisions\/"}],"predecessor-version":[{"id":3077,"href":"http:\/\/www.clinicarts.com\/ru\/tr\/wp-json\/wp\/v2\/pages\/3028\/revisions\/3077\/"}],"wp:attachment":[{"href":"http:\/\/www.clinicarts.com\/ru\/tr\/wp-json\/wp\/v2\/media\/?parent=3028"}],"curies":[{"name":"wp","href":"https:\/\/api.w.org\/{rel}","templated":true}]}}